{"id":194,"date":"2021-05-19T07:57:00","date_gmt":"2021-05-19T07:57:00","guid":{"rendered":"https:\/\/nordicads.se\/?page_id=194"},"modified":"2025-03-06T13:17:55","modified_gmt":"2025-03-06T11:17:55","slug":"contact","status":"publish","type":"page","link":"https:\/\/adfreak.se\/en\/kontakt\/","title":{"rendered":"Contact Us"},"content":{"rendered":"<div class=\"gb-container gb-container-14b77534\">\n<div class=\"gb-container gb-container-38d77c51\">\n<div class=\"gb-container gb-container-aebd4b3f\">\n<div class=\"yoast-breadcrumbs\"><span><span><a href=\"https:\/\/adfreak.se\/\">Hem<\/a><\/span> \/ <span class=\"breadcrumb_last\" aria-current=\"page\">Kontakta oss<\/span><\/span><\/div>\n<\/div>\n\n<div class=\"gb-container gb-container-9d61eeae\">\n<div class=\"gb-container gb-container-d93afe9c\">\n<div class=\"gb-container gb-container-0b530cf6\">\n<div class=\"gb-container gb-container-959f49e4\">\n<div class=\"gb-container gb-container-ab2a2a7d decorative-arrow-04\">\n\n<h1 class=\"gb-headline gb-headline-e08491b9 gb-headline-text\">Kontakta oss <\/h1>\n\n\n\n<p class=\"has-base-3-color has-text-color\" style=\"font-size:16px\"><br>Har du fr\u00e5gor eller vill du komma ig\u00e5ng med med digital marknadsf\u00f6ring med oss?<br> <br>Skriv d\u00e5 n\u00e5gra rader s\u00e5 \u00e5terkommer vi inom kort!<\/p>\n\n<\/div>\n<\/div>\n\n\n<a class=\"gb-button gb-button-78651239 gb-button-text gb-button-e727e4c2\" href=\"https:\/\/calendar.app.google\/WnpSj1Aa92FCYR2N7\" target=\"_blank\" rel=\"noopener noreferrer\">Boka m\u00f6te \/ 30 min<\/a>\n\n<\/div>\n\n<div class=\"gb-container gb-container-a13c227c\">\n\n<h5 class=\"gb-headline gb-headline-b6e27793 gb-headline-text\">Kontaktformul\u00e4r<\/h5>\n\n\n\n<div class=\"wpcf7 no-js\" id=\"wpcf7-f3611-o1\" lang=\"en-US\" dir=\"ltr\" data-wpcf7-id=\"3611\">\n<div class=\"screen-reader-response\"><p role=\"status\" aria-live=\"polite\" aria-atomic=\"true\"><\/p> <ul><\/ul><\/div>\n<form action=\"\/en\/wp-json\/wp\/v2\/pages\/194#wpcf7-f3611-o1\" method=\"post\" class=\"wpcf7-form init\" aria-label=\"Contact form\" novalidate=\"novalidate\" data-status=\"init\">\n<fieldset class=\"hidden-fields-container\"><input type=\"hidden\" name=\"_wpcf7\" value=\"3611\" \/><input type=\"hidden\" name=\"_wpcf7_version\" value=\"6.1.5\" \/><input type=\"hidden\" name=\"_wpcf7_locale\" value=\"en_US\" \/><input type=\"hidden\" name=\"_wpcf7_unit_tag\" value=\"wpcf7-f3611-o1\" \/><input type=\"hidden\" name=\"_wpcf7_container_post\" value=\"0\" \/><input type=\"hidden\" name=\"_wpcf7_posted_data_hash\" value=\"\" \/><input type=\"hidden\" name=\"_wpcf7_recaptcha_response\" value=\"\" \/>\n<\/fieldset>\n<div class=\"contact-us--fields\">\n\n    <div class=\"contact-us--field-row\">\n        <label> <span class=\"contact-us--field-title\"><\/span>\n            <span class=\"wpcf7-form-control-wrap\" data-name=\"your-name\"><input size=\"40\" maxlength=\"400\" class=\"wpcf7-form-control wpcf7-text wpcf7-validates-as-required\" autocomplete=\"name\" aria-required=\"true\" aria-invalid=\"false\" placeholder=\"Fullst\u00e4ndigt namn\" value=\"\" type=\"text\" name=\"your-name\" \/><\/span> <\/label>\n    <\/div>\n    <div class=\"contact-us--field-row\">\n        <label> <span class=\"contact-us--field-title\"><\/span>\n            <span class=\"wpcf7-form-control-wrap\" data-name=\"your-email\"><input size=\"40\" maxlength=\"400\" class=\"wpcf7-form-control wpcf7-email wpcf7-validates-as-required wpcf7-text wpcf7-validates-as-email\" autocomplete=\"email\" aria-required=\"true\" aria-invalid=\"false\" placeholder=\"E-postadress\" value=\"\" type=\"email\" name=\"your-email\" \/><\/span> <\/label>\n    <\/div>\n    <div class=\"contact-us--field-row\">\n        <label> <span class=\"contact-us--field-title\"><\/span>\n            <span class=\"wpcf7-form-control-wrap\" data-name=\"your-phone\"><input size=\"40\" maxlength=\"400\" class=\"wpcf7-form-control wpcf7-tel wpcf7-validates-as-required wpcf7-text wpcf7-validates-as-tel\" aria-required=\"true\" aria-invalid=\"false\" placeholder=\"Telefonnummer\" value=\"\" type=\"tel\" name=\"your-phone\" \/><\/span> <\/label>\n    <\/div>\n    <div class=\"contact-us--field-row\">\n        <label> <span class=\"contact-us--field-title\"><\/span>\n            <span class=\"wpcf7-form-control-wrap\" data-name=\"your-company\"><input size=\"40\" maxlength=\"400\" class=\"wpcf7-form-control wpcf7-text\" aria-invalid=\"false\" placeholder=\"F\u00f6retagsnamn\" value=\"\" type=\"text\" name=\"your-company\" \/><\/span> <\/label>\n    <\/div>\n    <div class=\"contact-us--field-row\">\n        <label> <span class=\"contact-us--field-title\"><\/span>\n            <span class=\"wpcf7-form-control-wrap\" data-name=\"your-description\"><textarea cols=\"40\" rows=\"10\" maxlength=\"2000\" class=\"wpcf7-form-control wpcf7-textarea\" aria-invalid=\"false\" placeholder=\"Meddelande\" name=\"your-description\"><\/textarea><\/span> <\/label>\n    <\/div>\n    <div class=\"contact-us--field-acceptance\">\n        <span class=\"wpcf7-form-control-wrap\" data-name=\"acceptance-315\"><span class=\"wpcf7-form-control wpcf7-acceptance\"><span class=\"wpcf7-list-item\"><label><input type=\"checkbox\" name=\"acceptance-315\" value=\"1\" aria-invalid=\"false\" \/><span class=\"wpcf7-list-item-label\">Genom att skicka in formul\u00e4ret accepterar du v\u00e5r <a\n            href=\"https:\/\/adfreak.se\/cookiepolicy\/\" target=\"_blank\">Integritetspolicy<\/a><\/span><\/label><\/span><\/span><\/span>\n    <\/div>\n<div class=\"contact-us--field-submit\">\n    <div>\n        <input class=\"wpcf7-form-control wpcf7-submit has-spinner\" type=\"submit\" value=\"SKICKA\" \/>\n    <\/div>\n<\/div><div class=\"wpcf7-response-output\" aria-hidden=\"true\"><\/div>\n<\/form>\n<\/div>\n\n\n<\/div>\n<\/div>\n<\/div>\n<\/div>\n<\/div>\n\n\n<p><\/p>\n\n\n<div class=\"gb-container gb-container-35aca031\">\n<div class=\"gb-container gb-container-69e78fa3\">\n<div class=\"gb-container gb-container-c617819d\">\n\n<p class=\"gb-headline gb-headline-c253fd04 gb-headline-text\">Adfreak \u00e4r en digital marknadsf\u00f6ringsbyr\u00e5 som drivs av f\u00f6retaget Adfreak AB. V\u00e5rt huvudfokus \u00e4r att hj\u00e4lpa f\u00f6retag att driva mer trafik och f\u00f6rs\u00e4ljning p\u00e5 internet genom betald annonsering.<\/p>\n\n\n<div class=\"gb-container gb-container-b5520ed6\">\n\n<figure class=\"gb-block-image gb-block-image-e5454639\"><img loading=\"lazy\" decoding=\"async\" width=\"300\" height=\"100\" class=\"gb-image gb-image-e5454639\" src=\"https:\/\/adfreak.se\/wp-content\/uploads\/2024\/01\/adfreak-logo-white-300x100_Rityta-1.svg\" alt=\"Adfreak, digital marknadsf\u00f6ring och Google Ads byr\u00e5\" title=\"adfreak-logo-white-300x100_Rityta 1\"\/><\/figure>\n\n<\/div>\n<\/div>\n\n<div class=\"gb-container gb-container-bb1adc2a\">\n<div class=\"gb-container gb-container-76155728\">\n\n<p class=\"gb-headline gb-headline-5079fd98\"><span class=\"gb-icon\"><svg aria-hidden=\"true\" role=\"img\" height=\"1em\" width=\"1em\" viewBox=\"0 0 512 512\" xmlns=\"http:\/\/www.w3.org\/2000\/svg\"><path fill=\"currentColor\" d=\"M256 8C119.033 8 8 119.033 8 256s111.033 248 248 248 248-111.033 248-248S392.967 8 256 8zm80 248c0 44.112-35.888 80-80 80s-80-35.888-80-80 35.888-80 80-80 80 35.888 80 80z\"><\/path><\/svg><\/span><span class=\"gb-headline-text\">Adfreak AB<\/span><\/p>\n\n\n\n<p class=\"gb-headline gb-headline-2b72d73c text-decoration-link\"><span class=\"gb-icon\"><svg aria-hidden=\"true\" role=\"img\" height=\"1em\" width=\"1em\" viewBox=\"0 0 448 512\" xmlns=\"http:\/\/www.w3.org\/2000\/svg\"><path fill=\"currentColor\" d=\"M448 360V24c0-13.3-10.7-24-24-24H96C43 0 0 43 0 96v320c0 53 43 96 96 96h328c13.3 0 24-10.7 24-24v-16c0-7.5-3.5-14.3-8.9-18.7-4.2-15.4-4.2-59.3 0-74.7 5.4-4.3 8.9-11.1 8.9-18.6zM128 134c0-3.3 2.7-6 6-6h212c3.3 0 6 2.7 6 6v20c0 3.3-2.7 6-6 6H134c-3.3 0-6-2.7-6-6v-20zm0 64c0-3.3 2.7-6 6-6h212c3.3 0 6 2.7 6 6v20c0 3.3-2.7 6-6 6H134c-3.3 0-6-2.7-6-6v-20zm253.4 250H96c-17.7 0-32-14.3-32-32 0-17.6 14.4-32 32-32h285.4c-1.9 17.1-1.9 46.9 0 64z\"><\/path><\/svg><\/span><span class=\"gb-headline-text\"><a href=\"tel:5594231671\" target=\"_blank\" rel=\"noreferrer noopener\">559423-1671<\/a><\/span><\/p>\n\n<\/div>\n\n<div class=\"gb-container gb-container-f82d77cc\">\n\n<p class=\"gb-headline gb-headline-ecd2be82 text-decoration-link\"><span class=\"gb-icon\"><svg aria-hidden=\"true\" role=\"img\" height=\"1em\" width=\"1em\" viewBox=\"0 0 512 512\" xmlns=\"http:\/\/www.w3.org\/2000\/svg\"><path fill=\"currentColor\" d=\"M464 64H48C21.49 64 0 85.49 0 112v288c0 26.51 21.49 48 48 48h416c26.51 0 48-21.49 48-48V112c0-26.51-21.49-48-48-48zm0 48v40.805c-22.422 18.259-58.168 46.651-134.587 106.49-16.841 13.247-50.201 45.072-73.413 44.701-23.208.375-56.579-31.459-73.413-44.701C106.18 199.465 70.425 171.067 48 152.805V112h416zM48 400V214.398c22.914 18.251 55.409 43.862 104.938 82.646 21.857 17.205 60.134 55.186 103.062 54.955 42.717.231 80.509-37.199 103.053-54.947 49.528-38.783 82.032-64.401 104.947-82.653V400H48z\"><\/path><\/svg><\/span><span class=\"gb-headline-text\"><a href=\"mailto:info@adfreak.se\" target=\"_blank\" rel=\"noreferrer noopener\">info@adfreak.se<\/a><\/span><\/p>\n\n\n\n<p class=\"gb-headline gb-headline-e700a604 text-decoration-link\"><span class=\"gb-icon\"><svg aria-hidden=\"true\" role=\"img\" height=\"1em\" width=\"1em\" viewBox=\"0 0 512 512\" xmlns=\"http:\/\/www.w3.org\/2000\/svg\"><path fill=\"currentColor\" d=\"M493.4 24.6l-104-24c-11.3-2.6-22.9 3.3-27.5 13.9l-48 112c-4.2 9.8-1.4 21.3 6.9 28l60.6 49.6c-36 76.7-98.9 140.5-177.2 177.2l-49.6-60.6c-6.8-8.3-18.2-11.1-28-6.9l-112 48C3.9 366.5-2 378.1.6 389.4l24 104C27.1 504.2 36.7 512 48 512c256.1 0 464-207.5 464-464 0-11.2-7.7-20.9-18.6-23.4z\"><\/path><\/svg><\/span><span class=\"gb-headline-text\"><a href=\"tel:+4610-641 24 14\">010-641 24 14<\/a><\/span><\/p>\n\n<\/div>\n\n<div class=\"gb-container gb-container-1269f205\">\n\n<p class=\"gb-headline gb-headline-adcc4d1d text-decoration-link\"><span class=\"gb-icon\"><svg aria-hidden=\"true\" role=\"img\" height=\"1em\" width=\"1em\" viewBox=\"0 0 384 512\" xmlns=\"http:\/\/www.w3.org\/2000\/svg\"><path fill=\"currentColor\" d=\"M172.268 501.67C26.97 291.031 0 269.413 0 192 0 85.961 85.961 0 192 0s192 85.961 192 192c0 77.413-26.97 99.031-172.268 309.67-9.535 13.774-29.93 13.773-39.464 0zM192 272c44.183 0 80-35.817 80-80s-35.817-80-80-80-80 35.817-80 80 35.817 80 80 80z\"><\/path><\/svg><\/span><span class=\"gb-headline-text\">Stora Varvsgatan 6A, 211 19 Malm\u00f6<\/span><\/p>\n\n<\/div>\n<\/div>\n\n<div class=\"gb-container gb-container-c3d4aed0\">\n\n<iframe src=\"https:\/\/www.google.com\/maps\/embed?pb=!1m18!1m12!1m3!1d2253.4091336075!2d12.98880011592513!3d55.612296380516064!2m3!1f0!2f0!3f0!3m2!1i1024!2i768!4f13.1!3m3!1m2!1s0x6d0ecb8b4508d203%3A0xf22ebda4b2276a79!2sAdfreak%20AB!5e0!3m2!1ssv!2sse!4v1690735847803!5m2!1ssv!2sse\" width=\"900\" height=\"400\" style=\"border:0;\" allowfullscreen=\"\" loading=\"lazy\" referrerpolicy=\"no-referrer-when-downgrade\"><\/iframe>\n\n<\/div>\n\n\n<script type=\"application\/ld+json\">\n{\n  \"@context\": \"https:\/\/schema.org\",\n  \"@type\": \"ProfessionalService\",\n  \"name\": \"Adfreak AB\",\n  \"image\": \"https:\/\/adfreak.se\/wp-content\/uploads\/2024\/03\/Mobil-tjanster-600x400pxpng.png\",\n  \"@id\": \"\",\n  \"url\": \"https:\/\/adfreak.se\/kontakt\/\",\n  \"telephone\": \"+4610-641 24 14\",\n  \"priceRange\": \"$$\",\n  \"address\": {\n    \"@type\": \"PostalAddress\",\n    \"streetAddress\": \"Stora Varvsgatan 6A\",\n    \"addressLocality\": \"Malm\u00f6\",\n    \"postalCode\": \"21119\",\n    \"addressCountry\": \"SE\"\n  },\n  \"geo\": {\n    \"@type\": \"GeoCoordinates\",\n    \"latitude\": 55.6121025,\n    \"longitude\": 12.9914582\n  },\n  \"openingHoursSpecification\": {\n    \"@type\": \"OpeningHoursSpecification\",\n    \"dayOfWeek\": [\n      \"Monday\",\n      \"Tuesday\",\n      \"Wednesday\",\n      \"Thursday\",\n      \"Friday\"\n    ],\n    \"opens\": \"08:00\",\n    \"closes\": \"17:00\"\n  } \n}\n<\/script>\n\n<\/div>\n<\/div>","protected":false},"excerpt":{"rendered":"<p>Contact us Do you have any questions or do you want to get started with digital marketing with us? Then write a few lines and we will get back to you shortly! Adfreak is a digital marketing agency run by the company Adfreak AB. Our main focus is to help companies drive more traffic and sales on the internet through paid advertising. Adfreak AB \u2026 <a title=\"Contact Us\" class=\"read-more\" href=\"https:\/\/adfreak.se\/en\/kontakt\/\" aria-label=\"Read more about Contact us\">Continue reading \u27f6<\/a><\/p>","protected":false},"author":1,"featured_media":0,"parent":0,"menu_order":0,"comment_status":"closed","ping_status":"closed","template":"","meta":{"_acf_changed":false,"footnotes":""},"class_list":["post-194","page","type-page","status-publish"],"acf":[],"yoast_head":"<!-- This site is optimized with the Yoast SEO Premium plugin v27.3 (Yoast SEO v27.3) - https:\/\/yoast.com\/product\/yoast-seo-premium-wordpress\/ -->\n<title>Adfreak Kontaktformul\u00e4r - boka m\u00f6te med en Google Ads specialist<\/title>\n<meta name=\"description\" content=\"Beh\u00f6ver du hj\u00e4lp med Google Ads, Microsoft Ads, Google Tag Manager eller Google Analytics? Boka ett m\u00f6te med Adfreak idag!\" \/>\n<meta name=\"robots\" content=\"index, follow, max-snippet:-1, max-image-preview:large, max-video-preview:-1\" \/>\n<link rel=\"canonical\" href=\"https:\/\/adfreak.se\/en\/contact\/\" \/>\n<meta property=\"og:locale\" content=\"en_US\" \/>\n<meta property=\"og:type\" content=\"article\" \/>\n<meta property=\"og:title\" content=\"Kontakta oss Adfreak - Digital annonsbyr\u00e5\" \/>\n<meta property=\"og:description\" content=\"Adfreak - Digital annonsbyr\u00e5 | Kontakta oss\" \/>\n<meta property=\"og:url\" content=\"https:\/\/adfreak.se\/en\/contact\/\" \/>\n<meta property=\"og:site_name\" content=\"Adfreak - Digital annonsbyr\u00e5\" \/>\n<meta property=\"article:publisher\" content=\"https:\/\/www.facebook.com\/adfreak.se\" \/>\n<meta property=\"article:modified_time\" content=\"2025-03-06T11:17:55+00:00\" \/>\n<meta property=\"og:image\" content=\"https:\/\/adfreak.se\/wp-content\/uploads\/2024\/01\/adfreak-logo-white-300x100_Rityta-1.svg\" \/>\n<meta name=\"twitter:card\" content=\"summary_large_image\" \/>\n<meta name=\"twitter:site\" content=\"@AdfreakSwe\" \/>\n<meta name=\"twitter:label1\" content=\"Est. reading time\" \/>\n\t<meta name=\"twitter:data1\" content=\"2 minutes\" \/>\n<script type=\"application\/ld+json\" class=\"yoast-schema-graph\">{\"@context\":\"https:\\\/\\\/schema.org\",\"@graph\":[{\"@type\":\"Article\",\"@id\":\"https:\\\/\\\/adfreak.se\\\/kontakt\\\/#article\",\"isPartOf\":{\"@id\":\"https:\\\/\\\/adfreak.se\\\/kontakt\\\/\"},\"author\":{\"name\":\"Adfreak\",\"@id\":\"https:\\\/\\\/adfreak.se\\\/#\\\/schema\\\/person\\\/fe40845899d54c99e38c02abd463934b\"},\"headline\":\"Kontakta oss\",\"datePublished\":\"2021-05-19T07:57:00+00:00\",\"dateModified\":\"2025-03-06T11:17:55+00:00\",\"mainEntityOfPage\":{\"@id\":\"https:\\\/\\\/adfreak.se\\\/kontakt\\\/\"},\"wordCount\":81,\"publisher\":{\"@id\":\"https:\\\/\\\/adfreak.se\\\/#organization\"},\"image\":{\"@id\":\"https:\\\/\\\/adfreak.se\\\/kontakt\\\/#primaryimage\"},\"thumbnailUrl\":\"https:\\\/\\\/adfreak.se\\\/wp-content\\\/uploads\\\/2024\\\/01\\\/adfreak-logo-white-300x100_Rityta-1.svg\",\"inLanguage\":\"en-US\"},{\"@type\":\"WebPage\",\"@id\":\"https:\\\/\\\/adfreak.se\\\/kontakt\\\/\",\"url\":\"https:\\\/\\\/adfreak.se\\\/kontakt\\\/\",\"name\":\"Adfreak Kontaktformul\u00e4r - boka m\u00f6te med en Google Ads specialist\",\"isPartOf\":{\"@id\":\"https:\\\/\\\/adfreak.se\\\/#website\"},\"primaryImageOfPage\":{\"@id\":\"https:\\\/\\\/adfreak.se\\\/kontakt\\\/#primaryimage\"},\"image\":{\"@id\":\"https:\\\/\\\/adfreak.se\\\/kontakt\\\/#primaryimage\"},\"thumbnailUrl\":\"https:\\\/\\\/adfreak.se\\\/wp-content\\\/uploads\\\/2024\\\/01\\\/adfreak-logo-white-300x100_Rityta-1.svg\",\"datePublished\":\"2021-05-19T07:57:00+00:00\",\"dateModified\":\"2025-03-06T11:17:55+00:00\",\"description\":\"Beh\u00f6ver du hj\u00e4lp med Google Ads, Microsoft Ads, Google Tag Manager eller Google Analytics? Boka ett m\u00f6te med Adfreak idag!\",\"breadcrumb\":{\"@id\":\"https:\\\/\\\/adfreak.se\\\/kontakt\\\/#breadcrumb\"},\"inLanguage\":\"en-US\",\"potentialAction\":[{\"@type\":\"ReadAction\",\"target\":[\"https:\\\/\\\/adfreak.se\\\/kontakt\\\/\"]}]},{\"@type\":\"ImageObject\",\"inLanguage\":\"en-US\",\"@id\":\"https:\\\/\\\/adfreak.se\\\/kontakt\\\/#primaryimage\",\"url\":\"https:\\\/\\\/adfreak.se\\\/wp-content\\\/uploads\\\/2024\\\/01\\\/adfreak-logo-white-300x100_Rityta-1.svg\",\"contentUrl\":\"https:\\\/\\\/adfreak.se\\\/wp-content\\\/uploads\\\/2024\\\/01\\\/adfreak-logo-white-300x100_Rityta-1.svg\"},{\"@type\":\"BreadcrumbList\",\"@id\":\"https:\\\/\\\/adfreak.se\\\/kontakt\\\/#breadcrumb\",\"itemListElement\":[{\"@type\":\"ListItem\",\"position\":1,\"name\":\"Hem\",\"item\":\"https:\\\/\\\/adfreak.se\\\/\"},{\"@type\":\"ListItem\",\"position\":2,\"name\":\"Kontakta oss\"}]},{\"@type\":\"WebSite\",\"@id\":\"https:\\\/\\\/adfreak.se\\\/#website\",\"url\":\"https:\\\/\\\/adfreak.se\\\/\",\"name\":\"Adfreak - Digital marknadsf\u00f6ringsbyr\u00e5\",\"description\":\"Be creative in a data-driven world\",\"publisher\":{\"@id\":\"https:\\\/\\\/adfreak.se\\\/#organization\"},\"alternateName\":\"Adfreak Google Ads byr\u00e5, s\u00f6kmotorskonsult\",\"potentialAction\":[{\"@type\":\"SearchAction\",\"target\":{\"@type\":\"EntryPoint\",\"urlTemplate\":\"https:\\\/\\\/adfreak.se\\\/?s={search_term_string}\"},\"query-input\":{\"@type\":\"PropertyValueSpecification\",\"valueRequired\":true,\"valueName\":\"search_term_string\"}}],\"inLanguage\":\"en-US\"},{\"@type\":\"Organization\",\"@id\":\"https:\\\/\\\/adfreak.se\\\/#organization\",\"name\":\"Adfreak AB\",\"alternateName\":\"Adfreak AB\",\"url\":\"https:\\\/\\\/adfreak.se\\\/\",\"logo\":{\"@type\":\"ImageObject\",\"inLanguage\":\"en-US\",\"@id\":\"https:\\\/\\\/adfreak.se\\\/#\\\/schema\\\/logo\\\/image\\\/\",\"url\":\"https:\\\/\\\/adfreak.se\\\/wp-content\\\/uploads\\\/2024\\\/02\\\/icon215x215.png\",\"contentUrl\":\"https:\\\/\\\/adfreak.se\\\/wp-content\\\/uploads\\\/2024\\\/02\\\/icon215x215.png\",\"width\":512,\"height\":512,\"caption\":\"Adfreak AB\"},\"image\":{\"@id\":\"https:\\\/\\\/adfreak.se\\\/#\\\/schema\\\/logo\\\/image\\\/\"},\"sameAs\":[\"https:\\\/\\\/www.facebook.com\\\/adfreak.se\",\"https:\\\/\\\/x.com\\\/AdfreakSwe\",\"https:\\\/\\\/www.linkedin.com\\\/company\\\/89661020\\\/\",\"https:\\\/\\\/www.youtube.com\\\/channel\\\/UC4r-bcl-MdaUJ5VetvAFcoA\"],\"description\":\"Adfreak \u00e4r en digital marknadsf\u00f6ringsingenj\u00f6rer som arbetar med kreativ och teknisk kommunikation p\u00e5 de digitala annonsplattformarna. Adfreak erbjuder kompletta avancerad webbplatssp\u00e5rning med fokus p\u00e5 integritet och dataskydd. Till oss kommer de som beh\u00f6ver hj\u00e4lp med allt fr\u00e5n Google Ads till fullskaliga tillv\u00e4xtstrategier. Vi \u00e4r specialister p\u00e5 digital marknadsf\u00f6ring och kan erbjuda professionell hj\u00e4lp f\u00f6r den som vill skala upp sitt f\u00f6retag.\",\"email\":\"antonio@adfreak.se\",\"telephone\":\"010-641 24 14\",\"legalName\":\"Adfreak AB\",\"foundingDate\":\"2023-03-01\",\"vatID\":\"SE559423167101\",\"taxID\":\"SE559423167101\",\"numberOfEmployees\":{\"@type\":\"QuantitativeValue\",\"minValue\":\"1\",\"maxValue\":\"10\"},\"publishingPrinciples\":\"https:\\\/\\\/adfreak.se\\\/cookiepolicy\\\/\",\"actionableFeedbackPolicy\":\"https:\\\/\\\/adfreak.se\\\/cookiepolicy\\\/\",\"ethicsPolicy\":\"https:\\\/\\\/adfreak.se\\\/cookiepolicy\\\/\"},{\"@type\":\"Person\",\"@id\":\"https:\\\/\\\/adfreak.se\\\/#\\\/schema\\\/person\\\/fe40845899d54c99e38c02abd463934b\",\"name\":\"Adfreak\",\"image\":{\"@type\":\"ImageObject\",\"inLanguage\":\"en-US\",\"@id\":\"https:\\\/\\\/secure.gravatar.com\\\/avatar\\\/4c1eaad465f876ca9f7bef15940d3965e550c44521a4f5a54dcc1d075f485391?s=96&d=mm&r=g\",\"url\":\"https:\\\/\\\/secure.gravatar.com\\\/avatar\\\/4c1eaad465f876ca9f7bef15940d3965e550c44521a4f5a54dcc1d075f485391?s=96&d=mm&r=g\",\"contentUrl\":\"https:\\\/\\\/secure.gravatar.com\\\/avatar\\\/4c1eaad465f876ca9f7bef15940d3965e550c44521a4f5a54dcc1d075f485391?s=96&d=mm&r=g\",\"caption\":\"Adfreak\"},\"sameAs\":[\"https:\\\/\\\/adfreak.se\",\"https:\\\/\\\/www.facebook.com\\\/adfreak.se\",\"https:\\\/\\\/www.linkedin.com\\\/in\\\/antonio-markovic-794ab664\\\/\"],\"url\":\"https:\\\/\\\/adfreak.se\\\/en\\\/author\\\/nordicads\\\/\"}]}<\/script>\n<!-- \/ Yoast SEO Premium plugin. -->","yoast_head_json":{"title":"Adfreak Contact form - book a meeting with a Google Ads specialist","description":"Do you need help with Google Ads, Microsoft Ads, Google Tag Manager or Google Analytics? Book an appointment with Adfreak today!","robots":{"index":"index","follow":"follow","max-snippet":"max-snippet:-1","max-image-preview":"max-image-preview:large","max-video-preview":"max-video-preview:-1"},"canonical":"https:\/\/adfreak.se\/en\/contact\/","og_locale":"en_US","og_type":"article","og_title":"Kontakta oss Adfreak - Digital annonsbyr\u00e5","og_description":"Adfreak - Digital annonsbyr\u00e5 | Kontakta oss","og_url":"https:\/\/adfreak.se\/en\/contact\/","og_site_name":"Adfreak - Digital annonsbyr\u00e5","article_publisher":"https:\/\/www.facebook.com\/adfreak.se","article_modified_time":"2025-03-06T11:17:55+00:00","og_image":[{"url":"https:\/\/adfreak.se\/wp-content\/uploads\/2024\/01\/adfreak-logo-white-300x100_Rityta-1.svg","type":"","width":"","height":""}],"twitter_card":"summary_large_image","twitter_site":"@AdfreakSwe","twitter_misc":{"Est. reading time":"2 minutes"},"schema":{"@context":"https:\/\/schema.org","@graph":[{"@type":"Article","@id":"https:\/\/adfreak.se\/kontakt\/#article","isPartOf":{"@id":"https:\/\/adfreak.se\/kontakt\/"},"author":{"name":"Adfreak","@id":"https:\/\/adfreak.se\/#\/schema\/person\/fe40845899d54c99e38c02abd463934b"},"headline":"Kontakta oss","datePublished":"2021-05-19T07:57:00+00:00","dateModified":"2025-03-06T11:17:55+00:00","mainEntityOfPage":{"@id":"https:\/\/adfreak.se\/kontakt\/"},"wordCount":81,"publisher":{"@id":"https:\/\/adfreak.se\/#organization"},"image":{"@id":"https:\/\/adfreak.se\/kontakt\/#primaryimage"},"thumbnailUrl":"https:\/\/adfreak.se\/wp-content\/uploads\/2024\/01\/adfreak-logo-white-300x100_Rityta-1.svg","inLanguage":"en-US"},{"@type":"WebPage","@id":"https:\/\/adfreak.se\/kontakt\/","url":"https:\/\/adfreak.se\/kontakt\/","name":"Adfreak Contact form - book a meeting with a Google Ads specialist","isPartOf":{"@id":"https:\/\/adfreak.se\/#website"},"primaryImageOfPage":{"@id":"https:\/\/adfreak.se\/kontakt\/#primaryimage"},"image":{"@id":"https:\/\/adfreak.se\/kontakt\/#primaryimage"},"thumbnailUrl":"https:\/\/adfreak.se\/wp-content\/uploads\/2024\/01\/adfreak-logo-white-300x100_Rityta-1.svg","datePublished":"2021-05-19T07:57:00+00:00","dateModified":"2025-03-06T11:17:55+00:00","description":"Do you need help with Google Ads, Microsoft Ads, Google Tag Manager or Google Analytics? Book an appointment with Adfreak today!","breadcrumb":{"@id":"https:\/\/adfreak.se\/kontakt\/#breadcrumb"},"inLanguage":"en-US","potentialAction":[{"@type":"ReadAction","target":["https:\/\/adfreak.se\/kontakt\/"]}]},{"@type":"ImageObject","inLanguage":"en-US","@id":"https:\/\/adfreak.se\/kontakt\/#primaryimage","url":"https:\/\/adfreak.se\/wp-content\/uploads\/2024\/01\/adfreak-logo-white-300x100_Rityta-1.svg","contentUrl":"https:\/\/adfreak.se\/wp-content\/uploads\/2024\/01\/adfreak-logo-white-300x100_Rityta-1.svg"},{"@type":"BreadcrumbList","@id":"https:\/\/adfreak.se\/kontakt\/#breadcrumb","itemListElement":[{"@type":"ListItem","position":1,"name":"Hem","item":"https:\/\/adfreak.se\/"},{"@type":"ListItem","position":2,"name":"Kontakta oss"}]},{"@type":"WebSite","@id":"https:\/\/adfreak.se\/#website","url":"https:\/\/adfreak.se\/","name":"Adfreak - Digital Marketing Agency","description":"Be creative in a data-driven world","publisher":{"@id":"https:\/\/adfreak.se\/#organization"},"alternateName":"Adfreak Google Ads byr\u00e5, s\u00f6kmotorskonsult","potentialAction":[{"@type":"SearchAction","target":{"@type":"EntryPoint","urlTemplate":"https:\/\/adfreak.se\/?s={search_term_string}"},"query-input":{"@type":"PropertyValueSpecification","valueRequired":true,"valueName":"search_term_string"}}],"inLanguage":"en-US"},{"@type":"Organization","@id":"https:\/\/adfreak.se\/#organization","name":"Adfreak AB","alternateName":"Adfreak AB","url":"https:\/\/adfreak.se\/","logo":{"@type":"ImageObject","inLanguage":"en-US","@id":"https:\/\/adfreak.se\/#\/schema\/logo\/image\/","url":"https:\/\/adfreak.se\/wp-content\/uploads\/2024\/02\/icon215x215.png","contentUrl":"https:\/\/adfreak.se\/wp-content\/uploads\/2024\/02\/icon215x215.png","width":512,"height":512,"caption":"Adfreak AB"},"image":{"@id":"https:\/\/adfreak.se\/#\/schema\/logo\/image\/"},"sameAs":["https:\/\/www.facebook.com\/adfreak.se","https:\/\/x.com\/AdfreakSwe","https:\/\/www.linkedin.com\/company\/89661020\/","https:\/\/www.youtube.com\/channel\/UC4r-bcl-MdaUJ5VetvAFcoA"],"description":"Adfreak is a digital marketing engineer who works with creative and technical communication on the digital advertising platforms. Adfreak offers complete advanced website tracking with a focus on privacy and data protection. Those who need help with everything from Google Ads to full-scale growth strategies come to us. We are specialists in digital marketing and can offer professional help for those who want to scale up their business.","email":"antonio@adfreak.se","telephone":"010-641 24 14","legalName":"Adfreak AB","foundingDate":"2023-03-01","vatID":"SE559423167101","taxID":"SE559423167101","numberOfEmployees":{"@type":"QuantitativeValue","minValue":"1","maxValue":"10"},"publishingPrinciples":"https:\/\/adfreak.se\/cookiepolicy\/","actionableFeedbackPolicy":"https:\/\/adfreak.se\/cookiepolicy\/","ethicsPolicy":"https:\/\/adfreak.se\/cookiepolicy\/"},{"@type":"Person","@id":"https:\/\/adfreak.se\/#\/schema\/person\/fe40845899d54c99e38c02abd463934b","name":"Ad freak","image":{"@type":"ImageObject","inLanguage":"en-US","@id":"https:\/\/secure.gravatar.com\/avatar\/4c1eaad465f876ca9f7bef15940d3965e550c44521a4f5a54dcc1d075f485391?s=96&d=mm&r=g","url":"https:\/\/secure.gravatar.com\/avatar\/4c1eaad465f876ca9f7bef15940d3965e550c44521a4f5a54dcc1d075f485391?s=96&d=mm&r=g","contentUrl":"https:\/\/secure.gravatar.com\/avatar\/4c1eaad465f876ca9f7bef15940d3965e550c44521a4f5a54dcc1d075f485391?s=96&d=mm&r=g","caption":"Adfreak"},"sameAs":["https:\/\/adfreak.se","https:\/\/www.facebook.com\/adfreak.se","https:\/\/www.linkedin.com\/in\/antonio-markovic-794ab664\/"],"url":"https:\/\/adfreak.se\/en\/author\/nordicads\/"}]}},"_links":{"self":[{"href":"https:\/\/adfreak.se\/en\/wp-json\/wp\/v2\/pages\/194","targetHints":{"allow":["GET"]}}],"collection":[{"href":"https:\/\/adfreak.se\/en\/wp-json\/wp\/v2\/pages"}],"about":[{"href":"https:\/\/adfreak.se\/en\/wp-json\/wp\/v2\/types\/page"}],"author":[{"embeddable":true,"href":"https:\/\/adfreak.se\/en\/wp-json\/wp\/v2\/users\/1"}],"replies":[{"embeddable":true,"href":"https:\/\/adfreak.se\/en\/wp-json\/wp\/v2\/comments?post=194"}],"version-history":[{"count":346,"href":"https:\/\/adfreak.se\/en\/wp-json\/wp\/v2\/pages\/194\/revisions"}],"predecessor-version":[{"id":23917,"href":"https:\/\/adfreak.se\/en\/wp-json\/wp\/v2\/pages\/194\/revisions\/23917"}],"wp:attachment":[{"href":"https:\/\/adfreak.se\/en\/wp-json\/wp\/v2\/media?parent=194"}],"curies":[{"name":"wp","href":"https:\/\/api.w.org\/{rel}","templated":true}]}}