{"id":18242,"date":"2024-02-11T18:22:32","date_gmt":"2024-02-11T16:22:32","guid":{"rendered":"https:\/\/adfreak.se\/?page_id=18242"},"modified":"2024-06-08T20:02:10","modified_gmt":"2024-06-08T18:02:10","slug":"contact-4","status":"publish","type":"page","link":"https:\/\/adfreak.se\/en\/prisexempel\/pris-skickat\/","title":{"rendered":"Price example thank you page"},"content":{"rendered":"<header class=\"gb-container gb-container-81a6e34f\">\n<div class=\"gb-container gb-container-1c92b527\">\n\n<h1 class=\"gb-headline gb-headline-587b794b gb-headline-text\">Tack f\u00f6r att du slutf\u00f6rde <br>v\u00e5rt prisexempel!<\/h1>\n\n\n\n<p>Du kommer snart att f\u00e5 ett prisexempel skickat till din inkorg. <br>Om du ej kan hitta n\u00e5gon e-post fr\u00e5n oss, v\u00e4nligen kolla i din skr\u00e4ppost.<\/p>\n\n\n<p>[trustindex data-widget-id=a1ae9cb2490f6208d776a8571a9]<\/p>\n\n<\/div>\n\n<div class=\"gb-container gb-container-f9977496\">\n\n<figure class=\"gb-block-image gb-block-image-0fad31c8\"><img loading=\"lazy\" decoding=\"async\" width=\"680\" height=\"728\" class=\"gb-image gb-image-0fad31c8\" src=\"https:\/\/adfreak.se\/wp-content\/uploads\/2024\/02\/adfreak-prisexempel.webp\" alt=\"\" title=\"adfreak-prisexempel\" srcset=\"https:\/\/adfreak.se\/wp-content\/uploads\/2024\/02\/adfreak-prisexempel.webp 680w, https:\/\/adfreak.se\/wp-content\/uploads\/2024\/02\/adfreak-prisexempel-280x300.webp 280w, https:\/\/adfreak.se\/wp-content\/uploads\/2024\/02\/adfreak-prisexempel-11x12.webp 11w\" sizes=\"auto, (max-width: 680px) 100vw, 680px\" \/><\/figure>\n\n<\/div>\n<\/header>\n\n<div class=\"gb-container gb-container-35aca031\">\n<div class=\"gb-container gb-container-69e78fa3\">\n<div class=\"gb-container gb-container-c617819d\">\n\n<p class=\"gb-headline gb-headline-c253fd04 gb-headline-text\">Vi \u00e4r digitala marknadsf\u00f6ringsingenj\u00f6rer som utformar avancerade marknadsf\u00f6ringstrattar med skr\u00e4ddarsydda budskap. Vi kombinerar kreativitet med datadrivna strategier och m\u00e4ter webbplatser med fokus p\u00e5 integritet och dataskydd.<\/p>\n\n\n<div class=\"gb-container gb-container-b5520ed6\">\n\n<figure class=\"wp-block-image size-large is-resized\"><img loading=\"lazy\" decoding=\"async\" width=\"878\" height=\"160\" src=\"https:\/\/adfreak.se\/wp-content\/uploads\/2024\/01\/adfreak-logo-main-2.svg\" alt=\"\" class=\"wp-image-16414\" style=\"width:209px;height:auto\"\/><\/figure>\n\n<\/div>\n<\/div>\n\n<div class=\"gb-container gb-container-bb1adc2a\">\n<div class=\"gb-container gb-container-76155728\">\n\n<p class=\"gb-headline gb-headline-5079fd98\"><span class=\"gb-icon\"><svg aria-hidden=\"true\" role=\"img\" height=\"1em\" width=\"1em\" viewBox=\"0 0 512 512\" xmlns=\"http:\/\/www.w3.org\/2000\/svg\"><path fill=\"currentColor\" d=\"M256 8C119.033 8 8 119.033 8 256s111.033 248 248 248 248-111.033 248-248S392.967 8 256 8zm80 248c0 44.112-35.888 80-80 80s-80-35.888-80-80 35.888-80 80-80 80 35.888 80 80z\"><\/path><\/svg><\/span><span class=\"gb-headline-text\">Adfreak AB<\/span><\/p>\n\n\n\n<p class=\"gb-headline gb-headline-2b72d73c text-decoration-link\"><span class=\"gb-icon\"><svg aria-hidden=\"true\" role=\"img\" height=\"1em\" width=\"1em\" viewBox=\"0 0 448 512\" xmlns=\"http:\/\/www.w3.org\/2000\/svg\"><path fill=\"currentColor\" d=\"M448 360V24c0-13.3-10.7-24-24-24H96C43 0 0 43 0 96v320c0 53 43 96 96 96h328c13.3 0 24-10.7 24-24v-16c0-7.5-3.5-14.3-8.9-18.7-4.2-15.4-4.2-59.3 0-74.7 5.4-4.3 8.9-11.1 8.9-18.6zM128 134c0-3.3 2.7-6 6-6h212c3.3 0 6 2.7 6 6v20c0 3.3-2.7 6-6 6H134c-3.3 0-6-2.7-6-6v-20zm0 64c0-3.3 2.7-6 6-6h212c3.3 0 6 2.7 6 6v20c0 3.3-2.7 6-6 6H134c-3.3 0-6-2.7-6-6v-20zm253.4 250H96c-17.7 0-32-14.3-32-32 0-17.6 14.4-32 32-32h285.4c-1.9 17.1-1.9 46.9 0 64z\"><\/path><\/svg><\/span><span class=\"gb-headline-text\"><a href=\"tel:5594231671\" target=\"_blank\" rel=\"noreferrer noopener\">559423-1671<\/a><\/span><\/p>\n\n<\/div>\n\n<div class=\"gb-container gb-container-f82d77cc\">\n\n<p class=\"gb-headline gb-headline-ecd2be82 text-decoration-link\"><span class=\"gb-icon\"><svg aria-hidden=\"true\" role=\"img\" height=\"1em\" width=\"1em\" viewBox=\"0 0 512 512\" xmlns=\"http:\/\/www.w3.org\/2000\/svg\"><path fill=\"currentColor\" d=\"M464 64H48C21.49 64 0 85.49 0 112v288c0 26.51 21.49 48 48 48h416c26.51 0 48-21.49 48-48V112c0-26.51-21.49-48-48-48zm0 48v40.805c-22.422 18.259-58.168 46.651-134.587 106.49-16.841 13.247-50.201 45.072-73.413 44.701-23.208.375-56.579-31.459-73.413-44.701C106.18 199.465 70.425 171.067 48 152.805V112h416zM48 400V214.398c22.914 18.251 55.409 43.862 104.938 82.646 21.857 17.205 60.134 55.186 103.062 54.955 42.717.231 80.509-37.199 103.053-54.947 49.528-38.783 82.032-64.401 104.947-82.653V400H48z\"><\/path><\/svg><\/span><span class=\"gb-headline-text\"><a href=\"mailto:info@adfreak.se\" target=\"_blank\" rel=\"noreferrer noopener\">info@adfreak.se<\/a><\/span><\/p>\n\n\n\n<p class=\"gb-headline gb-headline-e700a604 text-decoration-link\"><span class=\"gb-icon\"><svg aria-hidden=\"true\" role=\"img\" height=\"1em\" width=\"1em\" viewBox=\"0 0 512 512\" xmlns=\"http:\/\/www.w3.org\/2000\/svg\"><path fill=\"currentColor\" d=\"M493.4 24.6l-104-24c-11.3-2.6-22.9 3.3-27.5 13.9l-48 112c-4.2 9.8-1.4 21.3 6.9 28l60.6 49.6c-36 76.7-98.9 140.5-177.2 177.2l-49.6-60.6c-6.8-8.3-18.2-11.1-28-6.9l-112 48C3.9 366.5-2 378.1.6 389.4l24 104C27.1 504.2 36.7 512 48 512c256.1 0 464-207.5 464-464 0-11.2-7.7-20.9-18.6-23.4z\"><\/path><\/svg><\/span><span class=\"gb-headline-text\"><a href=\"tel:+4610-641 24 14\"><a href=\"tel:+46106412414\">010-641 24 14<\/a><\/a><\/span><\/p>\n\n<\/div>\n\n<div class=\"gb-container gb-container-1269f205\">\n\n<p class=\"gb-headline gb-headline-adcc4d1d text-decoration-link\"><span class=\"gb-icon\"><svg aria-hidden=\"true\" role=\"img\" height=\"1em\" width=\"1em\" viewBox=\"0 0 384 512\" xmlns=\"http:\/\/www.w3.org\/2000\/svg\"><path fill=\"currentColor\" d=\"M172.268 501.67C26.97 291.031 0 269.413 0 192 0 85.961 85.961 0 192 0s192 85.961 192 192c0 77.413-26.97 99.031-172.268 309.67-9.535 13.774-29.93 13.773-39.464 0zM192 272c44.183 0 80-35.817 80-80s-35.817-80-80-80-80 35.817-80 80 35.817 80 80 80z\"><\/path><\/svg><\/span><span class=\"gb-headline-text\">Stora Varvsgatan 6A, 211 19 Malm\u00f6<\/span><\/p>\n\n<\/div>\n<\/div>\n\n<div class=\"gb-container gb-container-c3d4aed0\">\n\n<iframe src=\"https:\/\/www.google.com\/maps\/embed?pb=!1m18!1m12!1m3!1d2253.4091336075!2d12.98880011592513!3d55.612296380516064!2m3!1f0!2f0!3f0!3m2!1i1024!2i768!4f13.1!3m3!1m2!1s0x6d0ecb8b4508d203%3A0xf22ebda4b2276a79!2sAdfreak%20AB!5e0!3m2!1ssv!2sse!4v1690735847803!5m2!1ssv!2sse\" width=\"900\" height=\"400\" style=\"border:0;\" allowfullscreen=\"\" loading=\"lazy\" referrerpolicy=\"no-referrer-when-downgrade\"><\/iframe>\n\n<\/div>\n<\/div>\n<\/div>","protected":false},"excerpt":{"rendered":"<p>Thank you for completing our pricing sample! You will soon receive a pricing sample sent to your inbox. If you cannot find an email from us, please check your spam folder. We are digital marketing engineers who design advanced marketing funnels with tailored messaging. We combine creativity with data-driven strategies and measure websites with a focus on \u2026 <a title=\"Price example thank you page\" class=\"read-more\" href=\"https:\/\/adfreak.se\/en\/prisexempel\/pris-skickat\/\" aria-label=\"Read more about Price example thank you page\">Continue reading \u27f6<\/a><\/p>","protected":false},"author":1,"featured_media":0,"parent":16023,"menu_order":0,"comment_status":"closed","ping_status":"closed","template":"","meta":{"_acf_changed":false,"footnotes":""},"class_list":["post-18242","page","type-page","status-publish"],"acf":[],"yoast_head":"<!-- This site is optimized with the Yoast SEO Premium plugin v27.3 (Yoast SEO v27.3) - https:\/\/yoast.com\/product\/yoast-seo-premium-wordpress\/ -->\n<title>Adfreak Kontaktformul\u00e4r - boka m\u00f6te med en Google Ads specialist<\/title>\n<meta name=\"description\" content=\"Beh\u00f6ver du hj\u00e4lp med Google Ads, Microsoft Ads, Google Tag Manager eller Google Analytics? Boka ett m\u00f6te med Adfreak idag!\" \/>\n<meta name=\"robots\" content=\"index, follow, max-snippet:-1, max-image-preview:large, max-video-preview:-1\" \/>\n<link rel=\"canonical\" href=\"https:\/\/adfreak.se\/en\/contact-3\/contact-4\/\" \/>\n<meta property=\"og:locale\" content=\"en_US\" \/>\n<meta property=\"og:type\" content=\"article\" \/>\n<meta property=\"og:title\" content=\"Prisexempel tacksida Adfreak - Digital annonsbyr\u00e5\" \/>\n<meta property=\"og:description\" content=\"Adfreak - Digital annonsbyr\u00e5 | Prisexempel tacksida\" \/>\n<meta property=\"og:url\" content=\"https:\/\/adfreak.se\/en\/contact-3\/contact-4\/\" \/>\n<meta property=\"og:site_name\" content=\"Adfreak - Digital annonsbyr\u00e5\" \/>\n<meta property=\"article:publisher\" content=\"https:\/\/www.facebook.com\/adfreak.se\" \/>\n<meta property=\"article:modified_time\" content=\"2024-06-08T18:02:10+00:00\" \/>\n<meta property=\"og:image\" content=\"https:\/\/adfreak.se\/wp-content\/uploads\/2024\/02\/adfreak-prisexempel.webp\" \/>\n<meta name=\"twitter:card\" content=\"summary_large_image\" \/>\n<meta name=\"twitter:site\" content=\"@AdfreakSwe\" \/>\n<meta name=\"twitter:label1\" content=\"Est. reading time\" \/>\n\t<meta name=\"twitter:data1\" content=\"1 minute\" \/>\n<script type=\"application\/ld+json\" class=\"yoast-schema-graph\">{\"@context\":\"https:\\\/\\\/schema.org\",\"@graph\":[{\"@type\":\"Article\",\"@id\":\"https:\\\/\\\/adfreak.se\\\/prisexempel\\\/pris-skickat\\\/#article\",\"isPartOf\":{\"@id\":\"https:\\\/\\\/adfreak.se\\\/prisexempel\\\/pris-skickat\\\/\"},\"author\":{\"name\":\"Adfreak\",\"@id\":\"https:\\\/\\\/adfreak.se\\\/#\\\/schema\\\/person\\\/fe40845899d54c99e38c02abd463934b\"},\"headline\":\"Prisexempel tacksida\",\"datePublished\":\"2024-02-11T16:22:32+00:00\",\"dateModified\":\"2024-06-08T18:02:10+00:00\",\"mainEntityOfPage\":{\"@id\":\"https:\\\/\\\/adfreak.se\\\/prisexempel\\\/pris-skickat\\\/\"},\"wordCount\":92,\"publisher\":{\"@id\":\"https:\\\/\\\/adfreak.se\\\/#organization\"},\"image\":{\"@id\":\"https:\\\/\\\/adfreak.se\\\/prisexempel\\\/pris-skickat\\\/#primaryimage\"},\"thumbnailUrl\":\"https:\\\/\\\/adfreak.se\\\/wp-content\\\/uploads\\\/2024\\\/02\\\/adfreak-prisexempel.webp\",\"inLanguage\":\"en-US\"},{\"@type\":\"WebPage\",\"@id\":\"https:\\\/\\\/adfreak.se\\\/prisexempel\\\/pris-skickat\\\/\",\"url\":\"https:\\\/\\\/adfreak.se\\\/prisexempel\\\/pris-skickat\\\/\",\"name\":\"Adfreak Kontaktformul\u00e4r - boka m\u00f6te med en Google Ads specialist\",\"isPartOf\":{\"@id\":\"https:\\\/\\\/adfreak.se\\\/#website\"},\"primaryImageOfPage\":{\"@id\":\"https:\\\/\\\/adfreak.se\\\/prisexempel\\\/pris-skickat\\\/#primaryimage\"},\"image\":{\"@id\":\"https:\\\/\\\/adfreak.se\\\/prisexempel\\\/pris-skickat\\\/#primaryimage\"},\"thumbnailUrl\":\"https:\\\/\\\/adfreak.se\\\/wp-content\\\/uploads\\\/2024\\\/02\\\/adfreak-prisexempel.webp\",\"datePublished\":\"2024-02-11T16:22:32+00:00\",\"dateModified\":\"2024-06-08T18:02:10+00:00\",\"description\":\"Beh\u00f6ver du hj\u00e4lp med Google Ads, Microsoft Ads, Google Tag Manager eller Google Analytics? Boka ett m\u00f6te med Adfreak idag!\",\"breadcrumb\":{\"@id\":\"https:\\\/\\\/adfreak.se\\\/prisexempel\\\/pris-skickat\\\/#breadcrumb\"},\"inLanguage\":\"en-US\",\"potentialAction\":[{\"@type\":\"ReadAction\",\"target\":[\"https:\\\/\\\/adfreak.se\\\/prisexempel\\\/pris-skickat\\\/\"]}]},{\"@type\":\"ImageObject\",\"inLanguage\":\"en-US\",\"@id\":\"https:\\\/\\\/adfreak.se\\\/prisexempel\\\/pris-skickat\\\/#primaryimage\",\"url\":\"https:\\\/\\\/adfreak.se\\\/wp-content\\\/uploads\\\/2024\\\/02\\\/adfreak-prisexempel.webp\",\"contentUrl\":\"https:\\\/\\\/adfreak.se\\\/wp-content\\\/uploads\\\/2024\\\/02\\\/adfreak-prisexempel.webp\"},{\"@type\":\"BreadcrumbList\",\"@id\":\"https:\\\/\\\/adfreak.se\\\/prisexempel\\\/pris-skickat\\\/#breadcrumb\",\"itemListElement\":[{\"@type\":\"ListItem\",\"position\":1,\"name\":\"Hem\",\"item\":\"https:\\\/\\\/adfreak.se\\\/\"},{\"@type\":\"ListItem\",\"position\":2,\"name\":\"Prisexempel\",\"item\":\"https:\\\/\\\/adfreak.se\\\/prisexempel\\\/\"},{\"@type\":\"ListItem\",\"position\":3,\"name\":\"Prisexempel tacksida\"}]},{\"@type\":\"WebSite\",\"@id\":\"https:\\\/\\\/adfreak.se\\\/#website\",\"url\":\"https:\\\/\\\/adfreak.se\\\/\",\"name\":\"Adfreak - Digital marknadsf\u00f6ringsbyr\u00e5\",\"description\":\"Be creative in a data-driven world\",\"publisher\":{\"@id\":\"https:\\\/\\\/adfreak.se\\\/#organization\"},\"alternateName\":\"Adfreak Google Ads byr\u00e5, s\u00f6kmotorskonsult\",\"potentialAction\":[{\"@type\":\"SearchAction\",\"target\":{\"@type\":\"EntryPoint\",\"urlTemplate\":\"https:\\\/\\\/adfreak.se\\\/?s={search_term_string}\"},\"query-input\":{\"@type\":\"PropertyValueSpecification\",\"valueRequired\":true,\"valueName\":\"search_term_string\"}}],\"inLanguage\":\"en-US\"},{\"@type\":\"Organization\",\"@id\":\"https:\\\/\\\/adfreak.se\\\/#organization\",\"name\":\"Adfreak AB\",\"alternateName\":\"Adfreak AB\",\"url\":\"https:\\\/\\\/adfreak.se\\\/\",\"logo\":{\"@type\":\"ImageObject\",\"inLanguage\":\"en-US\",\"@id\":\"https:\\\/\\\/adfreak.se\\\/#\\\/schema\\\/logo\\\/image\\\/\",\"url\":\"https:\\\/\\\/adfreak.se\\\/wp-content\\\/uploads\\\/2024\\\/02\\\/icon215x215.png\",\"contentUrl\":\"https:\\\/\\\/adfreak.se\\\/wp-content\\\/uploads\\\/2024\\\/02\\\/icon215x215.png\",\"width\":512,\"height\":512,\"caption\":\"Adfreak AB\"},\"image\":{\"@id\":\"https:\\\/\\\/adfreak.se\\\/#\\\/schema\\\/logo\\\/image\\\/\"},\"sameAs\":[\"https:\\\/\\\/www.facebook.com\\\/adfreak.se\",\"https:\\\/\\\/x.com\\\/AdfreakSwe\",\"https:\\\/\\\/www.linkedin.com\\\/company\\\/89661020\\\/\",\"https:\\\/\\\/www.youtube.com\\\/channel\\\/UC4r-bcl-MdaUJ5VetvAFcoA\"],\"description\":\"Adfreak \u00e4r en digital marknadsf\u00f6ringsingenj\u00f6rer som arbetar med kreativ och teknisk kommunikation p\u00e5 de digitala annonsplattformarna. Adfreak erbjuder kompletta avancerad webbplatssp\u00e5rning med fokus p\u00e5 integritet och dataskydd. Till oss kommer de som beh\u00f6ver hj\u00e4lp med allt fr\u00e5n Google Ads till fullskaliga tillv\u00e4xtstrategier. Vi \u00e4r specialister p\u00e5 digital marknadsf\u00f6ring och kan erbjuda professionell hj\u00e4lp f\u00f6r den som vill skala upp sitt f\u00f6retag.\",\"email\":\"antonio@adfreak.se\",\"telephone\":\"010-641 24 14\",\"legalName\":\"Adfreak AB\",\"foundingDate\":\"2023-03-01\",\"vatID\":\"SE559423167101\",\"taxID\":\"SE559423167101\",\"numberOfEmployees\":{\"@type\":\"QuantitativeValue\",\"minValue\":\"1\",\"maxValue\":\"10\"},\"publishingPrinciples\":\"https:\\\/\\\/adfreak.se\\\/cookiepolicy\\\/\",\"actionableFeedbackPolicy\":\"https:\\\/\\\/adfreak.se\\\/cookiepolicy\\\/\",\"ethicsPolicy\":\"https:\\\/\\\/adfreak.se\\\/cookiepolicy\\\/\"},{\"@type\":\"Person\",\"@id\":\"https:\\\/\\\/adfreak.se\\\/#\\\/schema\\\/person\\\/fe40845899d54c99e38c02abd463934b\",\"name\":\"Adfreak\",\"image\":{\"@type\":\"ImageObject\",\"inLanguage\":\"en-US\",\"@id\":\"https:\\\/\\\/secure.gravatar.com\\\/avatar\\\/4c1eaad465f876ca9f7bef15940d3965e550c44521a4f5a54dcc1d075f485391?s=96&d=mm&r=g\",\"url\":\"https:\\\/\\\/secure.gravatar.com\\\/avatar\\\/4c1eaad465f876ca9f7bef15940d3965e550c44521a4f5a54dcc1d075f485391?s=96&d=mm&r=g\",\"contentUrl\":\"https:\\\/\\\/secure.gravatar.com\\\/avatar\\\/4c1eaad465f876ca9f7bef15940d3965e550c44521a4f5a54dcc1d075f485391?s=96&d=mm&r=g\",\"caption\":\"Adfreak\"},\"sameAs\":[\"https:\\\/\\\/adfreak.se\",\"https:\\\/\\\/www.facebook.com\\\/adfreak.se\",\"https:\\\/\\\/www.linkedin.com\\\/in\\\/antonio-markovic-794ab664\\\/\"],\"url\":\"https:\\\/\\\/adfreak.se\\\/en\\\/author\\\/nordicads\\\/\"}]}<\/script>\n<!-- \/ Yoast SEO Premium plugin. -->","yoast_head_json":{"title":"Adfreak Contact form - book a meeting with a Google Ads specialist","description":"Do you need help with Google Ads, Microsoft Ads, Google Tag Manager or Google Analytics? Book an appointment with Adfreak today!","robots":{"index":"index","follow":"follow","max-snippet":"max-snippet:-1","max-image-preview":"max-image-preview:large","max-video-preview":"max-video-preview:-1"},"canonical":"https:\/\/adfreak.se\/en\/contact-3\/contact-4\/","og_locale":"en_US","og_type":"article","og_title":"Prisexempel tacksida Adfreak - Digital annonsbyr\u00e5","og_description":"Adfreak - Digital annonsbyr\u00e5 | Prisexempel tacksida","og_url":"https:\/\/adfreak.se\/en\/contact-3\/contact-4\/","og_site_name":"Adfreak - Digital annonsbyr\u00e5","article_publisher":"https:\/\/www.facebook.com\/adfreak.se","article_modified_time":"2024-06-08T18:02:10+00:00","og_image":[{"url":"https:\/\/adfreak.se\/wp-content\/uploads\/2024\/02\/adfreak-prisexempel.webp","type":"","width":"","height":""}],"twitter_card":"summary_large_image","twitter_site":"@AdfreakSwe","twitter_misc":{"Est. reading time":"1 minute"},"schema":{"@context":"https:\/\/schema.org","@graph":[{"@type":"Article","@id":"https:\/\/adfreak.se\/prisexempel\/pris-skickat\/#article","isPartOf":{"@id":"https:\/\/adfreak.se\/prisexempel\/pris-skickat\/"},"author":{"name":"Adfreak","@id":"https:\/\/adfreak.se\/#\/schema\/person\/fe40845899d54c99e38c02abd463934b"},"headline":"Prisexempel tacksida","datePublished":"2024-02-11T16:22:32+00:00","dateModified":"2024-06-08T18:02:10+00:00","mainEntityOfPage":{"@id":"https:\/\/adfreak.se\/prisexempel\/pris-skickat\/"},"wordCount":92,"publisher":{"@id":"https:\/\/adfreak.se\/#organization"},"image":{"@id":"https:\/\/adfreak.se\/prisexempel\/pris-skickat\/#primaryimage"},"thumbnailUrl":"https:\/\/adfreak.se\/wp-content\/uploads\/2024\/02\/adfreak-prisexempel.webp","inLanguage":"en-US"},{"@type":"WebPage","@id":"https:\/\/adfreak.se\/prisexempel\/pris-skickat\/","url":"https:\/\/adfreak.se\/prisexempel\/pris-skickat\/","name":"Adfreak Contact form - book a meeting with a Google Ads specialist","isPartOf":{"@id":"https:\/\/adfreak.se\/#website"},"primaryImageOfPage":{"@id":"https:\/\/adfreak.se\/prisexempel\/pris-skickat\/#primaryimage"},"image":{"@id":"https:\/\/adfreak.se\/prisexempel\/pris-skickat\/#primaryimage"},"thumbnailUrl":"https:\/\/adfreak.se\/wp-content\/uploads\/2024\/02\/adfreak-prisexempel.webp","datePublished":"2024-02-11T16:22:32+00:00","dateModified":"2024-06-08T18:02:10+00:00","description":"Do you need help with Google Ads, Microsoft Ads, Google Tag Manager or Google Analytics? Book an appointment with Adfreak today!","breadcrumb":{"@id":"https:\/\/adfreak.se\/prisexempel\/pris-skickat\/#breadcrumb"},"inLanguage":"en-US","potentialAction":[{"@type":"ReadAction","target":["https:\/\/adfreak.se\/prisexempel\/pris-skickat\/"]}]},{"@type":"ImageObject","inLanguage":"en-US","@id":"https:\/\/adfreak.se\/prisexempel\/pris-skickat\/#primaryimage","url":"https:\/\/adfreak.se\/wp-content\/uploads\/2024\/02\/adfreak-prisexempel.webp","contentUrl":"https:\/\/adfreak.se\/wp-content\/uploads\/2024\/02\/adfreak-prisexempel.webp"},{"@type":"BreadcrumbList","@id":"https:\/\/adfreak.se\/prisexempel\/pris-skickat\/#breadcrumb","itemListElement":[{"@type":"ListItem","position":1,"name":"Hem","item":"https:\/\/adfreak.se\/"},{"@type":"ListItem","position":2,"name":"Prisexempel","item":"https:\/\/adfreak.se\/prisexempel\/"},{"@type":"ListItem","position":3,"name":"Prisexempel tacksida"}]},{"@type":"WebSite","@id":"https:\/\/adfreak.se\/#website","url":"https:\/\/adfreak.se\/","name":"Adfreak - Digital Marketing Agency","description":"Be creative in a data-driven world","publisher":{"@id":"https:\/\/adfreak.se\/#organization"},"alternateName":"Adfreak Google Ads byr\u00e5, s\u00f6kmotorskonsult","potentialAction":[{"@type":"SearchAction","target":{"@type":"EntryPoint","urlTemplate":"https:\/\/adfreak.se\/?s={search_term_string}"},"query-input":{"@type":"PropertyValueSpecification","valueRequired":true,"valueName":"search_term_string"}}],"inLanguage":"en-US"},{"@type":"Organization","@id":"https:\/\/adfreak.se\/#organization","name":"Adfreak AB","alternateName":"Adfreak AB","url":"https:\/\/adfreak.se\/","logo":{"@type":"ImageObject","inLanguage":"en-US","@id":"https:\/\/adfreak.se\/#\/schema\/logo\/image\/","url":"https:\/\/adfreak.se\/wp-content\/uploads\/2024\/02\/icon215x215.png","contentUrl":"https:\/\/adfreak.se\/wp-content\/uploads\/2024\/02\/icon215x215.png","width":512,"height":512,"caption":"Adfreak AB"},"image":{"@id":"https:\/\/adfreak.se\/#\/schema\/logo\/image\/"},"sameAs":["https:\/\/www.facebook.com\/adfreak.se","https:\/\/x.com\/AdfreakSwe","https:\/\/www.linkedin.com\/company\/89661020\/","https:\/\/www.youtube.com\/channel\/UC4r-bcl-MdaUJ5VetvAFcoA"],"description":"Adfreak is a digital marketing engineer who works with creative and technical communication on the digital advertising platforms. Adfreak offers complete advanced website tracking with a focus on privacy and data protection. Those who need help with everything from Google Ads to full-scale growth strategies come to us. We are specialists in digital marketing and can offer professional help for those who want to scale up their business.","email":"antonio@adfreak.se","telephone":"010-641 24 14","legalName":"Adfreak AB","foundingDate":"2023-03-01","vatID":"SE559423167101","taxID":"SE559423167101","numberOfEmployees":{"@type":"QuantitativeValue","minValue":"1","maxValue":"10"},"publishingPrinciples":"https:\/\/adfreak.se\/cookiepolicy\/","actionableFeedbackPolicy":"https:\/\/adfreak.se\/cookiepolicy\/","ethicsPolicy":"https:\/\/adfreak.se\/cookiepolicy\/"},{"@type":"Person","@id":"https:\/\/adfreak.se\/#\/schema\/person\/fe40845899d54c99e38c02abd463934b","name":"Ad freak","image":{"@type":"ImageObject","inLanguage":"en-US","@id":"https:\/\/secure.gravatar.com\/avatar\/4c1eaad465f876ca9f7bef15940d3965e550c44521a4f5a54dcc1d075f485391?s=96&d=mm&r=g","url":"https:\/\/secure.gravatar.com\/avatar\/4c1eaad465f876ca9f7bef15940d3965e550c44521a4f5a54dcc1d075f485391?s=96&d=mm&r=g","contentUrl":"https:\/\/secure.gravatar.com\/avatar\/4c1eaad465f876ca9f7bef15940d3965e550c44521a4f5a54dcc1d075f485391?s=96&d=mm&r=g","caption":"Adfreak"},"sameAs":["https:\/\/adfreak.se","https:\/\/www.facebook.com\/adfreak.se","https:\/\/www.linkedin.com\/in\/antonio-markovic-794ab664\/"],"url":"https:\/\/adfreak.se\/en\/author\/nordicads\/"}]}},"_links":{"self":[{"href":"https:\/\/adfreak.se\/en\/wp-json\/wp\/v2\/pages\/18242","targetHints":{"allow":["GET"]}}],"collection":[{"href":"https:\/\/adfreak.se\/en\/wp-json\/wp\/v2\/pages"}],"about":[{"href":"https:\/\/adfreak.se\/en\/wp-json\/wp\/v2\/types\/page"}],"author":[{"embeddable":true,"href":"https:\/\/adfreak.se\/en\/wp-json\/wp\/v2\/users\/1"}],"replies":[{"embeddable":true,"href":"https:\/\/adfreak.se\/en\/wp-json\/wp\/v2\/comments?post=18242"}],"version-history":[{"count":10,"href":"https:\/\/adfreak.se\/en\/wp-json\/wp\/v2\/pages\/18242\/revisions"}],"predecessor-version":[{"id":21768,"href":"https:\/\/adfreak.se\/en\/wp-json\/wp\/v2\/pages\/18242\/revisions\/21768"}],"up":[{"embeddable":true,"href":"https:\/\/adfreak.se\/en\/wp-json\/wp\/v2\/pages\/16023"}],"wp:attachment":[{"href":"https:\/\/adfreak.se\/en\/wp-json\/wp\/v2\/media?parent=18242"}],"curies":[{"name":"wp","href":"https:\/\/api.w.org\/{rel}","templated":true}]}}