{"id":1598,"date":"2022-09-22T08:52:44","date_gmt":"2022-09-22T08:52:44","guid":{"rendered":"https:\/\/nordicads.se\/?page_id=1598"},"modified":"2024-02-20T23:32:00","modified_gmt":"2024-02-20T21:32:00","slug":"thanks","status":"publish","type":"page","link":"https:\/\/adfreak.se\/en\/kontakt\/tack\/","title":{"rendered":"Thanks page"},"content":{"rendered":"<div class=\"gb-container gb-container-d5a9f33d\">\n<div class=\"gb-container gb-container-74ac3c5f\">\n<div class=\"gb-grid-wrapper gb-grid-wrapper-1a9f96db\">\n<div class=\"gb-grid-column gb-grid-column-1b40178b\"><div class=\"gb-container gb-container-1b40178b\">\n\n<h1 class=\"gb-headline gb-headline-a93fda15 gb-headline-text\">Thank you for contacting us! <br>We will be in touch shortly. <\/h1>\n\n<\/div><\/div>\n<\/div>\n<\/div>\n<\/div>\n\n<div class=\"gb-container gb-container-82189ed2\">\n<div class=\"gb-grid-wrapper gb-grid-wrapper-6a34a10f\">\n<div class=\"gb-grid-column gb-grid-column-af678b3e\"><div class=\"gb-container gb-container-af678b3e\">\n\n<figure class=\"gb-block-image gb-block-image-900aa229\"><img loading=\"lazy\" decoding=\"async\" width=\"820\" height=\"312\" class=\"gb-image gb-image-900aa229\" src=\"https:\/\/adfreak.se\/wp-content\/uploads\/2024\/02\/FB-profile-background.png\" alt=\"\" title=\"FB profile background\" srcset=\"https:\/\/adfreak.se\/wp-content\/uploads\/2024\/02\/FB-profile-background.png 820w, https:\/\/adfreak.se\/wp-content\/uploads\/2024\/02\/FB-profile-background-300x114.png 300w, https:\/\/adfreak.se\/wp-content\/uploads\/2024\/02\/FB-profile-background-768x292.png 768w, https:\/\/adfreak.se\/wp-content\/uploads\/2024\/02\/FB-profile-background-18x7.png 18w\" sizes=\"auto, (max-width: 820px) 100vw, 820px\" \/><\/figure>\n\n<\/div><\/div>\n\n<div class=\"gb-grid-column gb-grid-column-ea9e2a5f\"><div class=\"gb-container gb-container-ea9e2a5f object-shadow\">\n\n<h4 class=\"gb-headline gb-headline-15c5f1a2 gb-headline-text\">Price example in 1 minute!<\/h4>\n\n\n\n<p class=\"gb-headline gb-headline-33ff0d25 gb-headline-text\">Get a quote based on your needs  <\/p>\n\n\n\n<a class=\"gb-button gb-button-2360113d gb-button-text gb-button-e727e4c2\" href=\"https:\/\/adfreak.se\/en\/contact-3\/\">Price example<\/a>\n\n<\/div><\/div>\n<\/div>\n<\/div>","protected":false},"excerpt":{"rendered":"","protected":false},"author":1,"featured_media":0,"parent":194,"menu_order":0,"comment_status":"closed","ping_status":"closed","template":"","meta":{"_acf_changed":false,"footnotes":""},"class_list":["post-1598","page","type-page","status-publish"],"acf":[],"yoast_head":"<!-- This site is optimized with the Yoast SEO Premium plugin v27.3 (Yoast SEO v27.3) - https:\/\/yoast.com\/product\/yoast-seo-premium-wordpress\/ -->\n<title>Tacksida | Adfreak - Digital annonsbyr\u00e5<\/title>\n<meta name=\"description\" content=\"Tacksida | Adfreak - Digital annonsbyr\u00e5\" \/>\n<meta name=\"robots\" content=\"index, follow, max-snippet:-1, max-image-preview:large, max-video-preview:-1\" \/>\n<link rel=\"canonical\" href=\"https:\/\/adfreak.se\/en\/contact\/thanks\/\" \/>\n<meta property=\"og:locale\" content=\"en_US\" \/>\n<meta property=\"og:type\" content=\"article\" \/>\n<meta property=\"og:title\" content=\"Tacksida Adfreak - Digital annonsbyr\u00e5\" \/>\n<meta property=\"og:description\" content=\"Adfreak - Digital annonsbyr\u00e5 | Tacksida\" \/>\n<meta property=\"og:url\" content=\"https:\/\/adfreak.se\/en\/contact\/thanks\/\" \/>\n<meta property=\"og:site_name\" content=\"Adfreak - Digital annonsbyr\u00e5\" \/>\n<meta property=\"article:publisher\" content=\"https:\/\/www.facebook.com\/adfreak.se\" \/>\n<meta property=\"article:modified_time\" content=\"2024-02-20T21:32:00+00:00\" \/>\n<meta property=\"og:image\" content=\"https:\/\/adfreak.se\/wp-content\/uploads\/2024\/02\/FB-profile-background.png\" \/>\n<meta name=\"twitter:card\" content=\"summary_large_image\" \/>\n<meta name=\"twitter:site\" content=\"@AdfreakSwe\" \/>\n<meta name=\"twitter:label1\" content=\"Est. reading time\" \/>\n\t<meta name=\"twitter:data1\" content=\"1 minute\" \/>\n<script type=\"application\/ld+json\" class=\"yoast-schema-graph\">{\"@context\":\"https:\\\/\\\/schema.org\",\"@graph\":[{\"@type\":\"Article\",\"@id\":\"https:\\\/\\\/adfreak.se\\\/kontakt\\\/tack\\\/#article\",\"isPartOf\":{\"@id\":\"https:\\\/\\\/adfreak.se\\\/kontakt\\\/tack\\\/\"},\"author\":{\"name\":\"Adfreak\",\"@id\":\"https:\\\/\\\/adfreak.se\\\/#\\\/schema\\\/person\\\/fe40845899d54c99e38c02abd463934b\"},\"headline\":\"Tacksida\",\"datePublished\":\"2022-09-22T08:52:44+00:00\",\"dateModified\":\"2024-02-20T21:32:00+00:00\",\"mainEntityOfPage\":{\"@id\":\"https:\\\/\\\/adfreak.se\\\/kontakt\\\/tack\\\/\"},\"wordCount\":29,\"publisher\":{\"@id\":\"https:\\\/\\\/adfreak.se\\\/#organization\"},\"image\":{\"@id\":\"https:\\\/\\\/adfreak.se\\\/kontakt\\\/tack\\\/#primaryimage\"},\"thumbnailUrl\":\"https:\\\/\\\/adfreak.se\\\/wp-content\\\/uploads\\\/2024\\\/02\\\/FB-profile-background.png\",\"inLanguage\":\"en-US\"},{\"@type\":\"WebPage\",\"@id\":\"https:\\\/\\\/adfreak.se\\\/kontakt\\\/tack\\\/\",\"url\":\"https:\\\/\\\/adfreak.se\\\/kontakt\\\/tack\\\/\",\"name\":\"Tacksida | Adfreak - Digital annonsbyr\u00e5\",\"isPartOf\":{\"@id\":\"https:\\\/\\\/adfreak.se\\\/#website\"},\"primaryImageOfPage\":{\"@id\":\"https:\\\/\\\/adfreak.se\\\/kontakt\\\/tack\\\/#primaryimage\"},\"image\":{\"@id\":\"https:\\\/\\\/adfreak.se\\\/kontakt\\\/tack\\\/#primaryimage\"},\"thumbnailUrl\":\"https:\\\/\\\/adfreak.se\\\/wp-content\\\/uploads\\\/2024\\\/02\\\/FB-profile-background.png\",\"datePublished\":\"2022-09-22T08:52:44+00:00\",\"dateModified\":\"2024-02-20T21:32:00+00:00\",\"description\":\"Tacksida | Adfreak - Digital annonsbyr\u00e5\",\"breadcrumb\":{\"@id\":\"https:\\\/\\\/adfreak.se\\\/kontakt\\\/tack\\\/#breadcrumb\"},\"inLanguage\":\"en-US\",\"potentialAction\":[{\"@type\":\"ReadAction\",\"target\":[\"https:\\\/\\\/adfreak.se\\\/kontakt\\\/tack\\\/\"]}]},{\"@type\":\"ImageObject\",\"inLanguage\":\"en-US\",\"@id\":\"https:\\\/\\\/adfreak.se\\\/kontakt\\\/tack\\\/#primaryimage\",\"url\":\"https:\\\/\\\/adfreak.se\\\/wp-content\\\/uploads\\\/2024\\\/02\\\/FB-profile-background.png\",\"contentUrl\":\"https:\\\/\\\/adfreak.se\\\/wp-content\\\/uploads\\\/2024\\\/02\\\/FB-profile-background.png\"},{\"@type\":\"BreadcrumbList\",\"@id\":\"https:\\\/\\\/adfreak.se\\\/kontakt\\\/tack\\\/#breadcrumb\",\"itemListElement\":[{\"@type\":\"ListItem\",\"position\":1,\"name\":\"Hem\",\"item\":\"https:\\\/\\\/adfreak.se\\\/\"},{\"@type\":\"ListItem\",\"position\":2,\"name\":\"Kontakta oss\",\"item\":\"https:\\\/\\\/adfreak.se\\\/kontakt\\\/\"},{\"@type\":\"ListItem\",\"position\":3,\"name\":\"Tacksida\"}]},{\"@type\":\"WebSite\",\"@id\":\"https:\\\/\\\/adfreak.se\\\/#website\",\"url\":\"https:\\\/\\\/adfreak.se\\\/\",\"name\":\"Adfreak - Digital marknadsf\u00f6ringsbyr\u00e5\",\"description\":\"Be creative in a data-driven world\",\"publisher\":{\"@id\":\"https:\\\/\\\/adfreak.se\\\/#organization\"},\"alternateName\":\"Adfreak Google Ads byr\u00e5, s\u00f6kmotorskonsult\",\"potentialAction\":[{\"@type\":\"SearchAction\",\"target\":{\"@type\":\"EntryPoint\",\"urlTemplate\":\"https:\\\/\\\/adfreak.se\\\/?s={search_term_string}\"},\"query-input\":{\"@type\":\"PropertyValueSpecification\",\"valueRequired\":true,\"valueName\":\"search_term_string\"}}],\"inLanguage\":\"en-US\"},{\"@type\":\"Organization\",\"@id\":\"https:\\\/\\\/adfreak.se\\\/#organization\",\"name\":\"Adfreak AB\",\"alternateName\":\"Adfreak AB\",\"url\":\"https:\\\/\\\/adfreak.se\\\/\",\"logo\":{\"@type\":\"ImageObject\",\"inLanguage\":\"en-US\",\"@id\":\"https:\\\/\\\/adfreak.se\\\/#\\\/schema\\\/logo\\\/image\\\/\",\"url\":\"https:\\\/\\\/adfreak.se\\\/wp-content\\\/uploads\\\/2024\\\/02\\\/icon215x215.png\",\"contentUrl\":\"https:\\\/\\\/adfreak.se\\\/wp-content\\\/uploads\\\/2024\\\/02\\\/icon215x215.png\",\"width\":512,\"height\":512,\"caption\":\"Adfreak AB\"},\"image\":{\"@id\":\"https:\\\/\\\/adfreak.se\\\/#\\\/schema\\\/logo\\\/image\\\/\"},\"sameAs\":[\"https:\\\/\\\/www.facebook.com\\\/adfreak.se\",\"https:\\\/\\\/x.com\\\/AdfreakSwe\",\"https:\\\/\\\/www.linkedin.com\\\/company\\\/89661020\\\/\",\"https:\\\/\\\/www.youtube.com\\\/channel\\\/UC4r-bcl-MdaUJ5VetvAFcoA\"],\"description\":\"Adfreak \u00e4r en digital marknadsf\u00f6ringsingenj\u00f6rer som arbetar med kreativ och teknisk kommunikation p\u00e5 de digitala annonsplattformarna. Adfreak erbjuder kompletta avancerad webbplatssp\u00e5rning med fokus p\u00e5 integritet och dataskydd. Till oss kommer de som beh\u00f6ver hj\u00e4lp med allt fr\u00e5n Google Ads till fullskaliga tillv\u00e4xtstrategier. Vi \u00e4r specialister p\u00e5 digital marknadsf\u00f6ring och kan erbjuda professionell hj\u00e4lp f\u00f6r den som vill skala upp sitt f\u00f6retag.\",\"email\":\"antonio@adfreak.se\",\"telephone\":\"010-641 24 14\",\"legalName\":\"Adfreak AB\",\"foundingDate\":\"2023-03-01\",\"vatID\":\"SE559423167101\",\"taxID\":\"SE559423167101\",\"numberOfEmployees\":{\"@type\":\"QuantitativeValue\",\"minValue\":\"1\",\"maxValue\":\"10\"},\"publishingPrinciples\":\"https:\\\/\\\/adfreak.se\\\/cookiepolicy\\\/\",\"actionableFeedbackPolicy\":\"https:\\\/\\\/adfreak.se\\\/cookiepolicy\\\/\",\"ethicsPolicy\":\"https:\\\/\\\/adfreak.se\\\/cookiepolicy\\\/\"},{\"@type\":\"Person\",\"@id\":\"https:\\\/\\\/adfreak.se\\\/#\\\/schema\\\/person\\\/fe40845899d54c99e38c02abd463934b\",\"name\":\"Adfreak\",\"image\":{\"@type\":\"ImageObject\",\"inLanguage\":\"en-US\",\"@id\":\"https:\\\/\\\/secure.gravatar.com\\\/avatar\\\/4c1eaad465f876ca9f7bef15940d3965e550c44521a4f5a54dcc1d075f485391?s=96&d=mm&r=g\",\"url\":\"https:\\\/\\\/secure.gravatar.com\\\/avatar\\\/4c1eaad465f876ca9f7bef15940d3965e550c44521a4f5a54dcc1d075f485391?s=96&d=mm&r=g\",\"contentUrl\":\"https:\\\/\\\/secure.gravatar.com\\\/avatar\\\/4c1eaad465f876ca9f7bef15940d3965e550c44521a4f5a54dcc1d075f485391?s=96&d=mm&r=g\",\"caption\":\"Adfreak\"},\"sameAs\":[\"https:\\\/\\\/adfreak.se\",\"https:\\\/\\\/www.facebook.com\\\/adfreak.se\",\"https:\\\/\\\/www.linkedin.com\\\/in\\\/antonio-markovic-794ab664\\\/\"],\"url\":\"https:\\\/\\\/adfreak.se\\\/en\\\/author\\\/nordicads\\\/\"}]}<\/script>\n<!-- \/ Yoast SEO Premium plugin. -->","yoast_head_json":{"title":"Thank You Page | Adfreak - Digital advertising agency","description":"Thank You Page | Adfreak - Digital advertising agency","robots":{"index":"index","follow":"follow","max-snippet":"max-snippet:-1","max-image-preview":"max-image-preview:large","max-video-preview":"max-video-preview:-1"},"canonical":"https:\/\/adfreak.se\/en\/contact\/thanks\/","og_locale":"en_US","og_type":"article","og_title":"Tacksida Adfreak - Digital annonsbyr\u00e5","og_description":"Adfreak - Digital annonsbyr\u00e5 | Tacksida","og_url":"https:\/\/adfreak.se\/en\/contact\/thanks\/","og_site_name":"Adfreak - Digital annonsbyr\u00e5","article_publisher":"https:\/\/www.facebook.com\/adfreak.se","article_modified_time":"2024-02-20T21:32:00+00:00","og_image":[{"url":"https:\/\/adfreak.se\/wp-content\/uploads\/2024\/02\/FB-profile-background.png","type":"","width":"","height":""}],"twitter_card":"summary_large_image","twitter_site":"@AdfreakSwe","twitter_misc":{"Est. reading time":"1 minute"},"schema":{"@context":"https:\/\/schema.org","@graph":[{"@type":"Article","@id":"https:\/\/adfreak.se\/kontakt\/tack\/#article","isPartOf":{"@id":"https:\/\/adfreak.se\/kontakt\/tack\/"},"author":{"name":"Adfreak","@id":"https:\/\/adfreak.se\/#\/schema\/person\/fe40845899d54c99e38c02abd463934b"},"headline":"Tacksida","datePublished":"2022-09-22T08:52:44+00:00","dateModified":"2024-02-20T21:32:00+00:00","mainEntityOfPage":{"@id":"https:\/\/adfreak.se\/kontakt\/tack\/"},"wordCount":29,"publisher":{"@id":"https:\/\/adfreak.se\/#organization"},"image":{"@id":"https:\/\/adfreak.se\/kontakt\/tack\/#primaryimage"},"thumbnailUrl":"https:\/\/adfreak.se\/wp-content\/uploads\/2024\/02\/FB-profile-background.png","inLanguage":"en-US"},{"@type":"WebPage","@id":"https:\/\/adfreak.se\/kontakt\/tack\/","url":"https:\/\/adfreak.se\/kontakt\/tack\/","name":"Thank You Page | Adfreak - Digital advertising agency","isPartOf":{"@id":"https:\/\/adfreak.se\/#website"},"primaryImageOfPage":{"@id":"https:\/\/adfreak.se\/kontakt\/tack\/#primaryimage"},"image":{"@id":"https:\/\/adfreak.se\/kontakt\/tack\/#primaryimage"},"thumbnailUrl":"https:\/\/adfreak.se\/wp-content\/uploads\/2024\/02\/FB-profile-background.png","datePublished":"2022-09-22T08:52:44+00:00","dateModified":"2024-02-20T21:32:00+00:00","description":"Thank You Page | Adfreak - Digital advertising agency","breadcrumb":{"@id":"https:\/\/adfreak.se\/kontakt\/tack\/#breadcrumb"},"inLanguage":"en-US","potentialAction":[{"@type":"ReadAction","target":["https:\/\/adfreak.se\/kontakt\/tack\/"]}]},{"@type":"ImageObject","inLanguage":"en-US","@id":"https:\/\/adfreak.se\/kontakt\/tack\/#primaryimage","url":"https:\/\/adfreak.se\/wp-content\/uploads\/2024\/02\/FB-profile-background.png","contentUrl":"https:\/\/adfreak.se\/wp-content\/uploads\/2024\/02\/FB-profile-background.png"},{"@type":"BreadcrumbList","@id":"https:\/\/adfreak.se\/kontakt\/tack\/#breadcrumb","itemListElement":[{"@type":"ListItem","position":1,"name":"Hem","item":"https:\/\/adfreak.se\/"},{"@type":"ListItem","position":2,"name":"Kontakta oss","item":"https:\/\/adfreak.se\/kontakt\/"},{"@type":"ListItem","position":3,"name":"Tacksida"}]},{"@type":"WebSite","@id":"https:\/\/adfreak.se\/#website","url":"https:\/\/adfreak.se\/","name":"Adfreak - Digital Marketing Agency","description":"Be creative in a data-driven world","publisher":{"@id":"https:\/\/adfreak.se\/#organization"},"alternateName":"Adfreak Google Ads byr\u00e5, s\u00f6kmotorskonsult","potentialAction":[{"@type":"SearchAction","target":{"@type":"EntryPoint","urlTemplate":"https:\/\/adfreak.se\/?s={search_term_string}"},"query-input":{"@type":"PropertyValueSpecification","valueRequired":true,"valueName":"search_term_string"}}],"inLanguage":"en-US"},{"@type":"Organization","@id":"https:\/\/adfreak.se\/#organization","name":"Adfreak AB","alternateName":"Adfreak AB","url":"https:\/\/adfreak.se\/","logo":{"@type":"ImageObject","inLanguage":"en-US","@id":"https:\/\/adfreak.se\/#\/schema\/logo\/image\/","url":"https:\/\/adfreak.se\/wp-content\/uploads\/2024\/02\/icon215x215.png","contentUrl":"https:\/\/adfreak.se\/wp-content\/uploads\/2024\/02\/icon215x215.png","width":512,"height":512,"caption":"Adfreak AB"},"image":{"@id":"https:\/\/adfreak.se\/#\/schema\/logo\/image\/"},"sameAs":["https:\/\/www.facebook.com\/adfreak.se","https:\/\/x.com\/AdfreakSwe","https:\/\/www.linkedin.com\/company\/89661020\/","https:\/\/www.youtube.com\/channel\/UC4r-bcl-MdaUJ5VetvAFcoA"],"description":"Adfreak is a digital marketing engineer who works with creative and technical communication on the digital advertising platforms. Adfreak offers complete advanced website tracking with a focus on privacy and data protection. Those who need help with everything from Google Ads to full-scale growth strategies come to us. We are specialists in digital marketing and can offer professional help for those who want to scale up their business.","email":"antonio@adfreak.se","telephone":"010-641 24 14","legalName":"Adfreak AB","foundingDate":"2023-03-01","vatID":"SE559423167101","taxID":"SE559423167101","numberOfEmployees":{"@type":"QuantitativeValue","minValue":"1","maxValue":"10"},"publishingPrinciples":"https:\/\/adfreak.se\/cookiepolicy\/","actionableFeedbackPolicy":"https:\/\/adfreak.se\/cookiepolicy\/","ethicsPolicy":"https:\/\/adfreak.se\/cookiepolicy\/"},{"@type":"Person","@id":"https:\/\/adfreak.se\/#\/schema\/person\/fe40845899d54c99e38c02abd463934b","name":"Ad freak","image":{"@type":"ImageObject","inLanguage":"en-US","@id":"https:\/\/secure.gravatar.com\/avatar\/4c1eaad465f876ca9f7bef15940d3965e550c44521a4f5a54dcc1d075f485391?s=96&d=mm&r=g","url":"https:\/\/secure.gravatar.com\/avatar\/4c1eaad465f876ca9f7bef15940d3965e550c44521a4f5a54dcc1d075f485391?s=96&d=mm&r=g","contentUrl":"https:\/\/secure.gravatar.com\/avatar\/4c1eaad465f876ca9f7bef15940d3965e550c44521a4f5a54dcc1d075f485391?s=96&d=mm&r=g","caption":"Adfreak"},"sameAs":["https:\/\/adfreak.se","https:\/\/www.facebook.com\/adfreak.se","https:\/\/www.linkedin.com\/in\/antonio-markovic-794ab664\/"],"url":"https:\/\/adfreak.se\/en\/author\/nordicads\/"}]}},"_links":{"self":[{"href":"https:\/\/adfreak.se\/en\/wp-json\/wp\/v2\/pages\/1598","targetHints":{"allow":["GET"]}}],"collection":[{"href":"https:\/\/adfreak.se\/en\/wp-json\/wp\/v2\/pages"}],"about":[{"href":"https:\/\/adfreak.se\/en\/wp-json\/wp\/v2\/types\/page"}],"author":[{"embeddable":true,"href":"https:\/\/adfreak.se\/en\/wp-json\/wp\/v2\/users\/1"}],"replies":[{"embeddable":true,"href":"https:\/\/adfreak.se\/en\/wp-json\/wp\/v2\/comments?post=1598"}],"version-history":[{"count":49,"href":"https:\/\/adfreak.se\/en\/wp-json\/wp\/v2\/pages\/1598\/revisions"}],"predecessor-version":[{"id":19266,"href":"https:\/\/adfreak.se\/en\/wp-json\/wp\/v2\/pages\/1598\/revisions\/19266"}],"up":[{"embeddable":true,"href":"https:\/\/adfreak.se\/en\/wp-json\/wp\/v2\/pages\/194"}],"wp:attachment":[{"href":"https:\/\/adfreak.se\/en\/wp-json\/wp\/v2\/media?parent=1598"}],"curies":[{"name":"wp","href":"https:\/\/api.w.org\/{rel}","templated":true}]}}